{"id":650,"date":"2012-07-24T14:09:10","date_gmt":"2012-07-24T12:09:10","guid":{"rendered":"https:\/\/www.mia-and-me.it\/it?page_id=650"},"modified":"2018-02-01T10:08:33","modified_gmt":"2018-02-01T10:08:33","slug":"caverna-phuddle","status":"publish","type":"page","link":"https:\/\/www.mia-and-me.it\/it\/tutto-su-centopia\/luoghi\/caverna-phuddle\/","title":{"rendered":"La Caverna di Phuddle"},"content":{"rendered":"<h2>La Caverna di Phuddle<\/h2>\n<p><img loading=\"lazy\" decoding=\"async\" class=\" wp-image-951 alignleft\" title=\"\" src=\"http:\/\/www.mia-and-me.it\/it\/wp-content\/uploads\/sites\/4\/2012\/07\/Mia-and-me-Phuddle-Frosch-256x174.png\" alt=\"\" width=\"256\" height=\"174\" \/>In questa caverna all&#8217;interno del Cratere degli Elfi vive il Pan Phuddle. \u00c8 qui che d\u00e0 vita alle sue strane invenzioni che non funzionano mai come dovrebbero. Unica eccezione \u00e8 il Trumptus, che &#8211; all&#8217;insaputa di Phuddle &#8211; offre una nuova speranza a Centopia.<\/p>\n<p><img loading=\"lazy\" decoding=\"async\" class=\"aligncenter size-full wp-image-956\" title=\"\" src=\"http:\/\/www.mia-and-me.it\/it\/wp-content\/uploads\/sites\/4\/2012\/07\/Mia-and-me-PhuddlesHoehle1.jpg\" alt=\"\" width=\"650\" height=\"366\" srcset=\"https:\/\/www.mia-and-me.it\/it\/wp-content\/uploads\/sites\/4\/2012\/07\/Mia-and-me-PhuddlesHoehle1.jpg 650w, https:\/\/www.mia-and-me.it\/it\/wp-content\/uploads\/sites\/4\/2012\/07\/Mia-and-me-PhuddlesHoehle1-300x168.jpg 300w\" sizes=\"auto, (max-width: 650px) 100vw, 650px\" \/><\/p>\n","protected":false},"excerpt":{"rendered":"<p>La Caverna di Phuddle In questa caverna all&#8217;interno del Cratere degli Elfi vive il Pan Phuddle. \u00c8 qui che d\u00e0 vita alle sue strane invenzioni che non funzionano mai come dovrebbero. Unica eccezione \u00e8 il Trumptus, che &#8211; all&#8217;insaputa di Phuddle &#8211; offre una nuova speranza a Centopia.<\/p>\n","protected":false},"author":1,"featured_media":5667,"parent":21,"menu_order":4,"comment_status":"open","ping_status":"closed","template":"","meta":{"_acf_changed":false,"_exactmetrics_skip_tracking":false,"_exactmetrics_sitenote_active":false,"_exactmetrics_sitenote_note":"","_exactmetrics_sitenote_category":0,"footnotes":""},"class_list":["post-650","page","type-page","status-publish","has-post-thumbnail","hentry"],"acf":[],"_links":{"self":[{"href":"https:\/\/www.mia-and-me.it\/it\/wp-json\/wp\/v2\/pages\/650","targetHints":{"allow":["GET"]}}],"collection":[{"href":"https:\/\/www.mia-and-me.it\/it\/wp-json\/wp\/v2\/pages"}],"about":[{"href":"https:\/\/www.mia-and-me.it\/it\/wp-json\/wp\/v2\/types\/page"}],"author":[{"embeddable":true,"href":"https:\/\/www.mia-and-me.it\/it\/wp-json\/wp\/v2\/users\/1"}],"replies":[{"embeddable":true,"href":"https:\/\/www.mia-and-me.it\/it\/wp-json\/wp\/v2\/comments?post=650"}],"version-history":[{"count":1,"href":"https:\/\/www.mia-and-me.it\/it\/wp-json\/wp\/v2\/pages\/650\/revisions"}],"predecessor-version":[{"id":5669,"href":"https:\/\/www.mia-and-me.it\/it\/wp-json\/wp\/v2\/pages\/650\/revisions\/5669"}],"up":[{"embeddable":true,"href":"https:\/\/www.mia-and-me.it\/it\/wp-json\/wp\/v2\/pages\/21"}],"wp:featuredmedia":[{"embeddable":true,"href":"https:\/\/www.mia-and-me.it\/it\/wp-json\/wp\/v2\/media\/5667"}],"wp:attachment":[{"href":"https:\/\/www.mia-and-me.it\/it\/wp-json\/wp\/v2\/media?parent=650"}],"curies":[{"name":"wp","href":"https:\/\/api.w.org\/{rel}","templated":true}]}}