{"id":434,"date":"2012-07-23T16:38:17","date_gmt":"2012-07-23T14:38:17","guid":{"rendered":"https:\/\/www.mia-and-me.it\/it?page_id=434"},"modified":"2015-06-10T15:30:00","modified_gmt":"2015-06-10T15:30:00","slug":"palazzo-degli-lfi","status":"publish","type":"page","link":"https:\/\/www.mia-and-me.it\/it\/tutto-su-centopia\/luoghi\/palazzo-degli-lfi\/","title":{"rendered":"Il Palazzo degli Elfi"},"content":{"rendered":"<h2>Il Palazzo degli Elfi<\/h2>\n<p><img loading=\"lazy\" decoding=\"async\" class=\"alignleft size-full wp-image-867\" title=\"\" src=\"http:\/\/www.mia-and-me.it\/it\/wp-content\/uploads\/sites\/4\/2012\/07\/Mia-and-me-DerElfenpalast2.png\" alt=\"\" width=\"269\" height=\"347\" srcset=\"https:\/\/www.mia-and-me.it\/it\/wp-content\/uploads\/sites\/4\/2012\/07\/Mia-and-me-DerElfenpalast2.png 269w, https:\/\/www.mia-and-me.it\/it\/wp-content\/uploads\/sites\/4\/2012\/07\/Mia-and-me-DerElfenpalast2-232x300.png 232w\" sizes=\"auto, (max-width: 269px) 100vw, 269px\" \/>Il Palazzo degli Elfi \u00e8 la casa di Re Raynor, della Regina Mayla e del Principe Mo. Il Palazzo \u00e8 protetto da una grande cupola d&#8217;acqua che pu\u00f2 essere attivata ogni volta che c&#8217;\u00e8 una minaccia in corso da parte di Gargona e i Munculus. Un enorme trono a forma di mongolfiera si trova all&#8217;interno della magnifica sala del trono. Grazie a questo trono, la famiglia reale pu\u00f2 stare sollevata in volo per avere una visione migliore del proprio regno. Il Palazzo si trova nel Cratere degli Elfi, conosciuto anche come la Montagna degli Elfi, e si pu\u00f2 scorgere da molto lontano.<\/p>\n<div class=\"pagevideo\"><iframe loading=\"lazy\" type=\"text\/html\" width=\"320\" height=\"180\" src=\"https:\/\/www.youtube.com\/embed\/pLDDydohn10?autohide=1&autoplay=0&rel=0&fs=0&loop=0&modestbranding=1&showinfo=0\" frameborder=\"0\"\/><\/iframe><\/div>\n<p>&nbsp;<\/p>\n","protected":false},"excerpt":{"rendered":"<p>Il Palazzo degli Elfi Il Palazzo degli Elfi \u00e8 la casa di Re Raynor, della Regina Mayla e del Principe Mo. Il Palazzo \u00e8 protetto da una grande cupola d&#8217;acqua che pu\u00f2 essere attivata ogni volta che c&#8217;\u00e8 una minaccia in corso da parte di Gargona e i Munculus. Un enorme trono a forma di [&hellip;]<\/p>\n","protected":false},"author":1,"featured_media":4081,"parent":21,"menu_order":0,"comment_status":"open","ping_status":"closed","template":"","meta":{"_acf_changed":false,"_exactmetrics_skip_tracking":false,"_exactmetrics_sitenote_active":false,"_exactmetrics_sitenote_note":"","_exactmetrics_sitenote_category":0,"footnotes":""},"class_list":["post-434","page","type-page","status-publish","has-post-thumbnail","hentry"],"acf":[],"_links":{"self":[{"href":"https:\/\/www.mia-and-me.it\/it\/wp-json\/wp\/v2\/pages\/434","targetHints":{"allow":["GET"]}}],"collection":[{"href":"https:\/\/www.mia-and-me.it\/it\/wp-json\/wp\/v2\/pages"}],"about":[{"href":"https:\/\/www.mia-and-me.it\/it\/wp-json\/wp\/v2\/types\/page"}],"author":[{"embeddable":true,"href":"https:\/\/www.mia-and-me.it\/it\/wp-json\/wp\/v2\/users\/1"}],"replies":[{"embeddable":true,"href":"https:\/\/www.mia-and-me.it\/it\/wp-json\/wp\/v2\/comments?post=434"}],"version-history":[{"count":1,"href":"https:\/\/www.mia-and-me.it\/it\/wp-json\/wp\/v2\/pages\/434\/revisions"}],"predecessor-version":[{"id":4130,"href":"https:\/\/www.mia-and-me.it\/it\/wp-json\/wp\/v2\/pages\/434\/revisions\/4130"}],"up":[{"embeddable":true,"href":"https:\/\/www.mia-and-me.it\/it\/wp-json\/wp\/v2\/pages\/21"}],"wp:featuredmedia":[{"embeddable":true,"href":"https:\/\/www.mia-and-me.it\/it\/wp-json\/wp\/v2\/media\/4081"}],"wp:attachment":[{"href":"https:\/\/www.mia-and-me.it\/it\/wp-json\/wp\/v2\/media?parent=434"}],"curies":[{"name":"wp","href":"https:\/\/api.w.org\/{rel}","templated":true}]}}