{"id":4128,"date":"2015-06-10T15:28:24","date_gmt":"2015-06-10T15:28:24","guid":{"rendered":"https:\/\/www.mia-and-me.it\/it\/?page_id=4128"},"modified":"2015-06-17T14:56:37","modified_gmt":"2015-06-17T14:56:37","slug":"funtopia","status":"publish","type":"page","link":"https:\/\/www.mia-and-me.it\/it\/tutto-su-centopia\/luoghi\/funtopia\/","title":{"rendered":"Funtopia"},"content":{"rendered":"<h2>Funtopia<\/h2>\n<p>\u00c8 l&#8217;isola-circo di Rixel. \u00c8 grazie a Funtopia che Rixel pu\u00f2 navigare attraverso gli otto mari del mondo.<\/p>\n<p><a href=\"http:\/\/www.mia-and-me.it\/it\/wp-content\/uploads\/sites\/4\/2015\/06\/funtopia_gross.png\" rel=\"shadowbox[sbpost-4128];player=img;\"><img loading=\"lazy\" decoding=\"async\" class=\"alignnone size-full wp-image-4084\" src=\"http:\/\/www.mia-and-me.it\/it\/wp-content\/uploads\/sites\/4\/2015\/06\/funtopia_gross.png\" alt=\"\" width=\"650\" height=\"466\" srcset=\"https:\/\/www.mia-and-me.it\/it\/wp-content\/uploads\/sites\/4\/2015\/06\/funtopia_gross.png 650w, https:\/\/www.mia-and-me.it\/it\/wp-content\/uploads\/sites\/4\/2015\/06\/funtopia_gross-300x215.png 300w, https:\/\/www.mia-and-me.it\/it\/wp-content\/uploads\/sites\/4\/2015\/06\/funtopia_gross-100x71.png 100w, https:\/\/www.mia-and-me.it\/it\/wp-content\/uploads\/sites\/4\/2015\/06\/funtopia_gross-320x229.png 320w\" sizes=\"auto, (max-width: 650px) 100vw, 650px\" \/><\/a><\/p>\n","protected":false},"excerpt":{"rendered":"<p>Funtopia \u00c8 l&#8217;isola-circo di Rixel. \u00c8 grazie a Funtopia che Rixel pu\u00f2 navigare attraverso gli otto mari del mondo.<\/p>\n","protected":false},"author":1,"featured_media":4086,"parent":21,"menu_order":1,"comment_status":"open","ping_status":"open","template":"","meta":{"_acf_changed":false,"_exactmetrics_skip_tracking":false,"_exactmetrics_sitenote_active":false,"_exactmetrics_sitenote_note":"","_exactmetrics_sitenote_category":0,"footnotes":""},"class_list":["post-4128","page","type-page","status-publish","has-post-thumbnail","hentry"],"acf":[],"_links":{"self":[{"href":"https:\/\/www.mia-and-me.it\/it\/wp-json\/wp\/v2\/pages\/4128","targetHints":{"allow":["GET"]}}],"collection":[{"href":"https:\/\/www.mia-and-me.it\/it\/wp-json\/wp\/v2\/pages"}],"about":[{"href":"https:\/\/www.mia-and-me.it\/it\/wp-json\/wp\/v2\/types\/page"}],"author":[{"embeddable":true,"href":"https:\/\/www.mia-and-me.it\/it\/wp-json\/wp\/v2\/users\/1"}],"replies":[{"embeddable":true,"href":"https:\/\/www.mia-and-me.it\/it\/wp-json\/wp\/v2\/comments?post=4128"}],"version-history":[{"count":2,"href":"https:\/\/www.mia-and-me.it\/it\/wp-json\/wp\/v2\/pages\/4128\/revisions"}],"predecessor-version":[{"id":4172,"href":"https:\/\/www.mia-and-me.it\/it\/wp-json\/wp\/v2\/pages\/4128\/revisions\/4172"}],"up":[{"embeddable":true,"href":"https:\/\/www.mia-and-me.it\/it\/wp-json\/wp\/v2\/pages\/21"}],"wp:featuredmedia":[{"embeddable":true,"href":"https:\/\/www.mia-and-me.it\/it\/wp-json\/wp\/v2\/media\/4086"}],"wp:attachment":[{"href":"https:\/\/www.mia-and-me.it\/it\/wp-json\/wp\/v2\/media?parent=4128"}],"curies":[{"name":"wp","href":"https:\/\/api.w.org\/{rel}","templated":true}]}}