{"id":4120,"date":"2015-06-10T13:30:59","date_gmt":"2015-06-10T13:30:59","guid":{"rendered":"https:\/\/www.mia-and-me.it\/it\/?page_id=4120"},"modified":"2015-06-17T14:53:45","modified_gmt":"2015-06-17T14:53:45","slug":"xolana-shiva-lasita","status":"publish","type":"page","link":"https:\/\/www.mia-and-me.it\/it\/tutto-su-centopia\/gli-elfi\/xolana-shiva-lasita\/","title":{"rendered":"Xolana, Shiva &#038; Lasita"},"content":{"rendered":"<h2>Xolana, Shiva &amp; Lasita<\/h2>\n<p><a href=\"http:\/\/www.mia-and-me.it\/it\/wp-content\/uploads\/sites\/4\/2015\/06\/Drei_Elfen.png\" rel=\"shadowbox[sbpost-4120];player=img;\" title=\"\"><img loading=\"lazy\" decoding=\"async\" class=\"alignright wp-image-4077 size-full\" title=\"\" src=\"http:\/\/www.mia-and-me.it\/it\/wp-content\/uploads\/sites\/4\/2015\/06\/Drei_Elfen.png\" alt=\"\" width=\"150\" height=\"150\" srcset=\"https:\/\/www.mia-and-me.it\/it\/wp-content\/uploads\/sites\/4\/2015\/06\/Drei_Elfen.png 150w, https:\/\/www.mia-and-me.it\/it\/wp-content\/uploads\/sites\/4\/2015\/06\/Drei_Elfen-100x100.png 100w\" sizes=\"auto, (max-width: 150px) 100vw, 150px\" \/><\/a>Xolana, Shiva e Lasita sono un trio di elfe che si trova al Palazzo degli Elfi. Il loro obiettivo primario \u00e8 quello di essere accettate come custodi degli Unicorni, ed entrare cos\u00ec a far parte della squadra di Yuko, Mo e Mia. Sono tutte, pi\u00f9 o meno, interessate a Mo e per questo cercano di fare colpo su di lui ogni volta che possono. Per questa ragione Yuko rende loro la vita un po&#8217; difficile. Per\u00f2 sanno anche collaborare e riescono a sorridere dei pasticci in cui spesso si cacciano.<br \/>\nXolana si comporta come se fosse la leader del trio, anche se ha lo stesso carisma di Shiva. Entrambe sono convinte di essere pi\u00f9 cool di Lasita. Lasita \u00e8 carina ma non \u00e8 elegante e slanciata come le altre due. Inoltre nutre una grande empatia per gli animali e un sincero amore e rispetto per la natura. Quando Lasita vede Simo per la prima volta, percepisce subito un fortissimo legame, ma \u00e8 troppo timida per avvicinarsi a lui.<\/p>\n<p><a href=\"http:\/\/www.mia-and-me.it\/it\/wp-content\/uploads\/sites\/4\/2015\/06\/Drei_Elfen_gross.png\" rel=\"shadowbox[sbpost-4120];player=img;\" title=\"\"><img loading=\"lazy\" decoding=\"async\" class=\"alignnone wp-image-4078 size-full\" title=\"\" src=\"http:\/\/www.mia-and-me.it\/it\/wp-content\/uploads\/sites\/4\/2015\/06\/Drei_Elfen_gross.png\" alt=\"\" width=\"650\" height=\"366\" srcset=\"https:\/\/www.mia-and-me.it\/it\/wp-content\/uploads\/sites\/4\/2015\/06\/Drei_Elfen_gross.png 650w, https:\/\/www.mia-and-me.it\/it\/wp-content\/uploads\/sites\/4\/2015\/06\/Drei_Elfen_gross-300x168.png 300w, https:\/\/www.mia-and-me.it\/it\/wp-content\/uploads\/sites\/4\/2015\/06\/Drei_Elfen_gross-100x56.png 100w, https:\/\/www.mia-and-me.it\/it\/wp-content\/uploads\/sites\/4\/2015\/06\/Drei_Elfen_gross-320x180.png 320w\" sizes=\"auto, (max-width: 650px) 100vw, 650px\" \/><\/a><\/p>\n","protected":false},"excerpt":{"rendered":"<p>Xolana, Shiva &amp; Lasita Xolana, Shiva e Lasita sono un trio di elfe che si trova al Palazzo degli Elfi. Il loro obiettivo primario \u00e8 quello di essere accettate come custodi degli Unicorni, ed entrare cos\u00ec a far parte della squadra di Yuko, Mo e Mia. Sono tutte, pi\u00f9 o meno, interessate a Mo e [&hellip;]<\/p>\n","protected":false},"author":1,"featured_media":4079,"parent":14,"menu_order":4,"comment_status":"open","ping_status":"open","template":"","meta":{"_acf_changed":false,"_exactmetrics_skip_tracking":false,"_exactmetrics_sitenote_active":false,"_exactmetrics_sitenote_note":"","_exactmetrics_sitenote_category":0,"footnotes":""},"class_list":["post-4120","page","type-page","status-publish","has-post-thumbnail","hentry"],"acf":[],"_links":{"self":[{"href":"https:\/\/www.mia-and-me.it\/it\/wp-json\/wp\/v2\/pages\/4120","targetHints":{"allow":["GET"]}}],"collection":[{"href":"https:\/\/www.mia-and-me.it\/it\/wp-json\/wp\/v2\/pages"}],"about":[{"href":"https:\/\/www.mia-and-me.it\/it\/wp-json\/wp\/v2\/types\/page"}],"author":[{"embeddable":true,"href":"https:\/\/www.mia-and-me.it\/it\/wp-json\/wp\/v2\/users\/1"}],"replies":[{"embeddable":true,"href":"https:\/\/www.mia-and-me.it\/it\/wp-json\/wp\/v2\/comments?post=4120"}],"version-history":[{"count":2,"href":"https:\/\/www.mia-and-me.it\/it\/wp-json\/wp\/v2\/pages\/4120\/revisions"}],"predecessor-version":[{"id":4169,"href":"https:\/\/www.mia-and-me.it\/it\/wp-json\/wp\/v2\/pages\/4120\/revisions\/4169"}],"up":[{"embeddable":true,"href":"https:\/\/www.mia-and-me.it\/it\/wp-json\/wp\/v2\/pages\/14"}],"wp:featuredmedia":[{"embeddable":true,"href":"https:\/\/www.mia-and-me.it\/it\/wp-json\/wp\/v2\/media\/4079"}],"wp:attachment":[{"href":"https:\/\/www.mia-and-me.it\/it\/wp-json\/wp\/v2\/media?parent=4120"}],"curies":[{"name":"wp","href":"https:\/\/api.w.org\/{rel}","templated":true}]}}