{"id":4107,"date":"2015-06-16T14:41:43","date_gmt":"2015-06-16T14:41:43","guid":{"rendered":"https:\/\/www.mia-and-me.it\/it\/?page_id=4107"},"modified":"2015-07-08T09:05:21","modified_gmt":"2015-07-08T09:05:21","slug":"simo","status":"publish","type":"page","link":"https:\/\/www.mia-and-me.it\/it\/libro-amicizia-mia\/simo\/","title":{"rendered":"Simo"},"content":{"rendered":"<h2><a href=\"http:\/\/www.mia-and-me.it\/it\/wp-content\/uploads\/sites\/4\/2015\/06\/simo.png\" rel=\"shadowbox[sbpost-4107];player=img;\" title=\"\"><img loading=\"lazy\" decoding=\"async\" class=\"alignright wp-image-4109 size-full\" title=\"\" src=\"http:\/\/www.mia-and-me.it\/it\/wp-content\/uploads\/sites\/4\/2015\/06\/simo.png\" alt=\"\" width=\"357\" height=\"465\" srcset=\"https:\/\/www.mia-and-me.it\/it\/wp-content\/uploads\/sites\/4\/2015\/06\/simo.png 357w, https:\/\/www.mia-and-me.it\/it\/wp-content\/uploads\/sites\/4\/2015\/06\/simo-230x300.png 230w, https:\/\/www.mia-and-me.it\/it\/wp-content\/uploads\/sites\/4\/2015\/06\/simo-76x100.png 76w, https:\/\/www.mia-and-me.it\/it\/wp-content\/uploads\/sites\/4\/2015\/06\/simo-245x320.png 245w\" sizes=\"auto, (max-width: 357px) 100vw, 357px\" \/><\/a>Simo<\/h2>\n<div class=\"qna_q\">Il mio nome \u00e8:<\/div>\n<div class=\"qna_a\">Simo<\/div>\n<div class=\"qna_q\">Et\u00e0:<\/div>\n<div class=\"qna_a\">\u00e8 il mio segreto<\/div>\n<div class=\"qna_q\">Capelli:<\/div>\n<div class=\"qna_a\">neri<\/div>\n<div class=\"qna_q\">Occhi:<\/div>\n<div class=\"qna_a\">viola<\/div>\n<div class=\"qna_q\">Cosa voglio diventare:<\/div>\n<div class=\"qna_a\">un esploratore<\/div>\n<div class=\"qna_q\">Cosa mi rende unico:<\/div>\n<div class=\"qna_a\">i miei tatuaggi<\/div>\n<div class=\"qna_q\">La cosa che pi\u00f9 mi piace:<\/div>\n<div class=\"qna_a\">stare insieme ai miei amici elfi<\/div>\n<div class=\"qna_q\">Cosa non mi piace:<\/div>\n<div class=\"qna_a\">dover raccogliere erbe e non poter giocare con i miei amici<\/div>\n<div class=\"qna_q\">L&#8217;esperienza pi\u00f9 bella della mia vita:<\/div>\n<div class=\"qna_a\">il giorno in cui Mia e Yuko sono arrivate alla Foresta di Selvanera<\/div>\n<div class=\"qna_q\">Ti auguro:<\/div>\n<div class=\"qna_a\">di poter incontrare Zato, Balanda e Yolika<\/div>\n<div class=\"qna_q\">Questi sono i miei migliori amici:<\/div>\n<div class=\"qna_a\">Mia, Yuko e Mo<\/div>\n<div class=\"qna_q\">Il mio motto:<\/div>\n<div class=\"qna_a\">divertiti con i tuoi amici!<\/div>\n<div class=\"qna_q\">Puoi trovarmi:<\/div>\n<div class=\"qna_a\">nella Foresta di Selvanera<\/div>\n<p>&nbsp;<\/p>\n<p>&nbsp;<\/p>\n","protected":false},"excerpt":{"rendered":"<p>Simo Il mio nome \u00e8: Simo Et\u00e0: \u00e8 il mio segreto Capelli: neri Occhi: viola Cosa voglio diventare: un esploratore Cosa mi rende unico: i miei tatuaggi La cosa che pi\u00f9 mi piace: stare insieme ai miei amici elfi Cosa non mi piace: dover raccogliere erbe e non poter giocare con i miei amici L&#8217;esperienza [&hellip;]<\/p>\n","protected":false},"author":1,"featured_media":0,"parent":36,"menu_order":11,"comment_status":"open","ping_status":"open","template":"","meta":{"_acf_changed":false,"_exactmetrics_skip_tracking":false,"_exactmetrics_sitenote_active":false,"_exactmetrics_sitenote_note":"","_exactmetrics_sitenote_category":0,"footnotes":""},"class_list":["post-4107","page","type-page","status-publish","hentry"],"acf":[],"_links":{"self":[{"href":"https:\/\/www.mia-and-me.it\/it\/wp-json\/wp\/v2\/pages\/4107","targetHints":{"allow":["GET"]}}],"collection":[{"href":"https:\/\/www.mia-and-me.it\/it\/wp-json\/wp\/v2\/pages"}],"about":[{"href":"https:\/\/www.mia-and-me.it\/it\/wp-json\/wp\/v2\/types\/page"}],"author":[{"embeddable":true,"href":"https:\/\/www.mia-and-me.it\/it\/wp-json\/wp\/v2\/users\/1"}],"replies":[{"embeddable":true,"href":"https:\/\/www.mia-and-me.it\/it\/wp-json\/wp\/v2\/comments?post=4107"}],"version-history":[{"count":7,"href":"https:\/\/www.mia-and-me.it\/it\/wp-json\/wp\/v2\/pages\/4107\/revisions"}],"predecessor-version":[{"id":4253,"href":"https:\/\/www.mia-and-me.it\/it\/wp-json\/wp\/v2\/pages\/4107\/revisions\/4253"}],"up":[{"embeddable":true,"href":"https:\/\/www.mia-and-me.it\/it\/wp-json\/wp\/v2\/pages\/36"}],"wp:attachment":[{"href":"https:\/\/www.mia-and-me.it\/it\/wp-json\/wp\/v2\/media?parent=4107"}],"curies":[{"name":"wp","href":"https:\/\/api.w.org\/{rel}","templated":true}]}}