{"id":32,"date":"2012-06-29T16:21:44","date_gmt":"2012-06-29T14:21:44","guid":{"rendered":"https:\/\/www.mia-and-me.it\/it\/?page_id=32"},"modified":"2015-07-03T10:44:35","modified_gmt":"2015-07-03T10:44:35","slug":"yuko","status":"publish","type":"page","link":"https:\/\/www.mia-and-me.it\/it\/libro-amicizia-mia\/yuko\/","title":{"rendered":"Yuko"},"content":{"rendered":"<h2><a href=\"http:\/\/www.mia-and-me.it\/it\/wp-content\/uploads\/sites\/4\/2012\/06\/Yuko.png\" rel=\"shadowbox[sbpost-32];player=img;\" title=\"\"><img loading=\"lazy\" decoding=\"async\" class=\"alignright wp-image-4113 size-full\" title=\"\" src=\"http:\/\/www.mia-and-me.it\/it\/wp-content\/uploads\/sites\/4\/2012\/06\/Yuko.png\" alt=\"\" width=\"357\" height=\"465\" srcset=\"https:\/\/www.mia-and-me.it\/it\/wp-content\/uploads\/sites\/4\/2012\/06\/Yuko.png 357w, https:\/\/www.mia-and-me.it\/it\/wp-content\/uploads\/sites\/4\/2012\/06\/Yuko-230x300.png 230w, https:\/\/www.mia-and-me.it\/it\/wp-content\/uploads\/sites\/4\/2012\/06\/Yuko-76x100.png 76w, https:\/\/www.mia-and-me.it\/it\/wp-content\/uploads\/sites\/4\/2012\/06\/Yuko-245x320.png 245w\" sizes=\"auto, (max-width: 357px) 100vw, 357px\" \/><\/a>Yuko<\/h2>\n<div class=\"qna_q\">Il mio nome \u00e8:<\/div>\n<div class=\"qna_a\">Yuko<\/div>\n<div class=\"qna_q\">Et\u00e0:<\/div>\n<div class=\"qna_a\">non te lo dico!<\/div>\n<div class=\"qna_q\">Capelli:<\/div>\n<div class=\"qna_a\">bord\u00f2<\/div>\n<div class=\"qna_q\">Occhi:<\/div>\n<div class=\"qna_a\">marroni-purpurei<\/div>\n<div class=\"qna_q\">Cosa voglio diventare:<\/div>\n<div class=\"qna_a\">il miglior guerriero elfo di tutti i tempi su Centopia<\/div>\n<div class=\"qna_q\">Cosa mi rende unica:<\/div>\n<div class=\"qna_a\">sono coraggiosa e so volare molto meglio di Mo<\/div>\n<div class=\"qna_q\">La cosa che pi\u00f9 mi piace:<\/div>\n<div class=\"qna_a\">volare nei cieli di Centopia con Mo e andare nella Caverna delle Lucciole Luminescenti. E l&#8217;originale abito di Mia &#8211; dove l&#8217;avr\u00e0 preso?<\/div>\n<div class=\"qna_q\">Cosa non mi piace:<\/div>\n<div class=\"qna_a\">quando il Pan Phuddle non la smette di ciarlare!<\/div>\n<div class=\"qna_q\">L&#8217;esperienza pi\u00f9 bella della mia vita:<\/div>\n<div class=\"qna_a\">battere Mo nella gara di Luci d&#8217;Acqua!<\/div>\n<div class=\"qna_q\">Ti auguro:<\/div>\n<div class=\"qna_a\">di riuscire a prendere una lacrima di Unicorno: sono molto utili!<\/div>\n<div class=\"qna_q\">Questi sono i miei migliori amici:<\/div>\n<div class=\"qna_a\">sicuramente conosci Mia. Per me \u00e8 come una sorella &#8211; solo che lei \u00e8 un disastro nel volo. Devo ancora insegnarle molte cose. E Mo, un&#8217;amicizia che risale alla nostra infanzia<\/div>\n<div class=\"qna_q\">Il mio motto:<\/div>\n<div class=\"qna_a\">un giorno senza un sorriso (e senza lanciare Luci d&#8217;Acqua) \u00e8 un giorno sprecato!<\/div>\n<div class=\"qna_q\">Mi puoi trovare:<\/div>\n<div class=\"qna_a\">al Fiume Rialto<\/div>\n<p>&nbsp;<\/p>\n<div class=\"pagevideo\"><iframe loading=\"lazy\" type=\"text\/html\" width=\"320\" height=\"180\" src=\"https:\/\/www.youtube.com\/embed\/uasFi-c2VT8?autohide=1&autoplay=0&rel=0&fs=0&loop=0&modestbranding=1&showinfo=0\" frameborder=\"0\"\/><\/iframe><\/div>\n<div class=\"pagevideo\"><iframe loading=\"lazy\" type=\"text\/html\" width=\"320\" height=\"180\" src=\"https:\/\/www.youtube.com\/embed\/zblvaL_Vwns?autohide=1&autoplay=0&rel=0&fs=0&loop=0&modestbranding=1&showinfo=0\" frameborder=\"0\"\/><\/iframe><\/div>\n<p>&nbsp;<\/p>\n<p>&nbsp;<\/p>\n<p>&nbsp;<\/p>\n","protected":false},"excerpt":{"rendered":"<p>Yuko Il mio nome \u00e8: Yuko Et\u00e0: non te lo dico! Capelli: bord\u00f2 Occhi: marroni-purpurei Cosa voglio diventare: il miglior guerriero elfo di tutti i tempi su Centopia Cosa mi rende unica: sono coraggiosa e so volare molto meglio di Mo La cosa che pi\u00f9 mi piace: volare nei cieli di Centopia con Mo e [&hellip;]<\/p>\n","protected":false},"author":1,"featured_media":564,"parent":36,"menu_order":10,"comment_status":"open","ping_status":"open","template":"","meta":{"_acf_changed":false,"_exactmetrics_skip_tracking":false,"_exactmetrics_sitenote_active":false,"_exactmetrics_sitenote_note":"","_exactmetrics_sitenote_category":0,"footnotes":""},"class_list":["post-32","page","type-page","status-publish","has-post-thumbnail","hentry"],"acf":[],"_links":{"self":[{"href":"https:\/\/www.mia-and-me.it\/it\/wp-json\/wp\/v2\/pages\/32","targetHints":{"allow":["GET"]}}],"collection":[{"href":"https:\/\/www.mia-and-me.it\/it\/wp-json\/wp\/v2\/pages"}],"about":[{"href":"https:\/\/www.mia-and-me.it\/it\/wp-json\/wp\/v2\/types\/page"}],"author":[{"embeddable":true,"href":"https:\/\/www.mia-and-me.it\/it\/wp-json\/wp\/v2\/users\/1"}],"replies":[{"embeddable":true,"href":"https:\/\/www.mia-and-me.it\/it\/wp-json\/wp\/v2\/comments?post=32"}],"version-history":[{"count":3,"href":"https:\/\/www.mia-and-me.it\/it\/wp-json\/wp\/v2\/pages\/32\/revisions"}],"predecessor-version":[{"id":4251,"href":"https:\/\/www.mia-and-me.it\/it\/wp-json\/wp\/v2\/pages\/32\/revisions\/4251"}],"up":[{"embeddable":true,"href":"https:\/\/www.mia-and-me.it\/it\/wp-json\/wp\/v2\/pages\/36"}],"wp:featuredmedia":[{"embeddable":true,"href":"https:\/\/www.mia-and-me.it\/it\/wp-json\/wp\/v2\/media\/564"}],"wp:attachment":[{"href":"https:\/\/www.mia-and-me.it\/it\/wp-json\/wp\/v2\/media?parent=32"}],"curies":[{"name":"wp","href":"https:\/\/api.w.org\/{rel}","templated":true}]}}